{"id":2361,"date":"2024-09-20T11:38:50","date_gmt":"2024-09-20T09:38:50","guid":{"rendered":"https:\/\/taxipro60.com\/?page_id=2361"},"modified":"2025-08-28T10:22:53","modified_gmt":"2025-08-28T08:22:53","slug":"quartiers-a-beauvais","status":"publish","type":"page","link":"https:\/\/taxipro60.com\/sq\/lagjet-in-beauvais-2\/","title":{"rendered":"Lagjet n\u00eb Beauvais"},"content":{"rendered":"<div data-elementor-type=\"wp-page\" data-elementor-id=\"2361\" class=\"elementor elementor-2361\" data-elementor-post-type=\"page\">\n\t\t\t\t\t\t<section class=\"elementor-section elementor-top-section elementor-element elementor-element-3d8a86bb elementor-section-content-middle elementor-section-height-min-height elementor-section-boxed elementor-section-height-default elementor-section-items-middle\" data-id=\"3d8a86bb\" data-element_type=\"section\" data-e-type=\"section\" data-settings=\"{&quot;background_background&quot;:&quot;classic&quot;}\">\n\t\t\t\t\t\t\t<div class=\"elementor-background-overlay\"><\/div>\n\t\t\t\t\t\t\t<div class=\"elementor-container elementor-column-gap-no\">\n\t\t\t\t\t<div class=\"elementor-column elementor-col-100 elementor-top-column elementor-element elementor-element-2e23f879\" data-id=\"2e23f879\" data-element_type=\"column\" data-e-type=\"column\">\n\t\t\t<div class=\"elementor-widget-wrap elementor-element-populated\">\n\t\t\t\t\t\t<div class=\"elementor-element elementor-element-663e8e77 elementor-align-center elementor-widget elementor-widget-breadcrumbs\" data-id=\"663e8e77\" data-element_type=\"widget\" data-e-type=\"widget\" data-widget_type=\"breadcrumbs.default\">\n\t\t\t\t<div class=\"elementor-widget-container\">\n\t\t\t\t\t<p id=\"breadcrumbs\"><span><span><a href=\"https:\/\/taxipro60.com\/sq\/\">Taksi juaj n\u00eb Beauvais<\/a><\/span><\/span><\/p>\t\t\t\t<\/div>\n\t\t\t\t<\/div>\n\t\t\t\t<div class=\"elementor-element elementor-element-432d6cce animated-slow elementor-invisible elementor-widget elementor-widget-heading\" data-id=\"432d6cce\" data-element_type=\"widget\" data-e-type=\"widget\" data-settings=\"{&quot;_animation&quot;:&quot;fadeIn&quot;}\" data-widget_type=\"heading.default\">\n\t\t\t\t<div class=\"elementor-widget-container\">\n\t\t\t\t\t<h1 class=\"elementor-heading-title elementor-size-default\">Lagjet e Beauvais<\/h1>\t\t\t\t<\/div>\n\t\t\t\t<\/div>\n\t\t\t\t<div class=\"elementor-element elementor-element-6f7f198f elementor-tablet-align-center elementor-align-center elementor-mobile-align-center elementor-widget elementor-widget-button\" data-id=\"6f7f198f\" data-element_type=\"widget\" data-e-type=\"widget\" data-settings=\"{&quot;_animation&quot;:&quot;none&quot;}\" data-widget_type=\"button.default\">\n\t\t\t\t<div class=\"elementor-widget-container\">\n\t\t\t\t\t\t\t\t\t<div class=\"elementor-button-wrapper\">\n\t\t\t\t\t<a class=\"elementor-button elementor-button-link elementor-size-sm\" href=\"#quartiers-beauvais\">\n\t\t\t\t\t\t<span class=\"elementor-button-content-wrapper\">\n\t\t\t\t\t\t<span class=\"elementor-button-icon\">\n\t\t\t\t<i aria-hidden=\"true\" class=\"fas fa-arrow-down\"><\/i>\t\t\t<\/span>\n\t\t\t\t\t\t\t\t\t<span class=\"elementor-button-text\">Lagjet Beauvais<\/span>\n\t\t\t\t\t<\/span>\n\t\t\t\t\t<\/a>\n\t\t\t\t<\/div>\n\t\t\t\t\t\t\t\t<\/div>\n\t\t\t\t<\/div>\n\t\t\t\t\t<\/div>\n\t\t<\/div>\n\t\t\t\t\t<\/div>\n\t\t<\/section>\n\t\t\t\t<section class=\"elementor-section elementor-top-section elementor-element elementor-element-36f92567 elementor-reverse-mobile elementor-section-boxed elementor-section-height-default elementor-section-height-default\" data-id=\"36f92567\" data-element_type=\"section\" data-e-type=\"section\" id=\"quartiers-beauvais\" data-settings=\"{&quot;background_background&quot;:&quot;classic&quot;}\">\n\t\t\t\t\t\t<div class=\"elementor-container elementor-column-gap-no\">\n\t\t\t\t\t<div class=\"elementor-column elementor-col-100 elementor-top-column elementor-element elementor-element-6ce8dc15\" data-id=\"6ce8dc15\" data-element_type=\"column\" data-e-type=\"column\">\n\t\t\t<div class=\"elementor-widget-wrap elementor-element-populated\">\n\t\t\t\t\t\t<section class=\"elementor-section elementor-inner-section elementor-element elementor-element-7ba47216 elementor-section-boxed elementor-section-height-default elementor-section-height-default\" data-id=\"7ba47216\" data-element_type=\"section\" data-e-type=\"section\">\n\t\t\t\t\t\t<div class=\"elementor-container elementor-column-gap-default\">\n\t\t\t\t\t<div class=\"elementor-column elementor-col-50 elementor-inner-column elementor-element elementor-element-28772301\" data-id=\"28772301\" data-element_type=\"column\" data-e-type=\"column\" data-settings=\"{&quot;background_background&quot;:&quot;classic&quot;}\">\n\t\t\t<div class=\"elementor-widget-wrap elementor-element-populated\">\n\t\t\t\t\t\t<div class=\"elementor-element elementor-element-472d1920 elementor-widget elementor-widget-text-editor\" data-id=\"472d1920\" data-element_type=\"widget\" data-e-type=\"widget\" data-widget_type=\"text-editor.default\">\n\t\t\t\t<div class=\"elementor-widget-container\">\n\t\t\t\t\t\t\t\t\t<h2>Lagjet Beauvais<\/h2><h3>N\u00eb qend\u00ebr t\u00eb qytetit<\/h3><p>Qendra e qytetit t\u00eb <a href=\"https:\/\/www.beauvais.fr\/\" target=\"_blank\" rel=\"noopener\">Beauvais<\/a>, i kufizuar nga muret e vjetra, p\u00ebrfaq\u00ebson zemr\u00ebn tregtare dhe administrative t\u00eb qytetit. Ai bashkon shum\u00eb vende kulturore dhe pret ngjarje t\u00eb m\u00ebdha, si Festivali Jeanne Hachette dhe Zanat e Krishtlindjeve. E rind\u00ebrtuar pas Luft\u00ebs s\u00eb Dyt\u00eb Bot\u00ebrore, ajo mbetet nj\u00eb zon\u00eb dinamike dhe e paharrueshme.<\/p><h3>Sh\u00ebn Gjoni<\/h3><p>E vendosur n\u00eb pllaj\u00ebn jugore, distrikti Saint-Jean bashkon banesat periferike dhe kolektive. Ka shkolla, infrastruktura sportive dhe kulturore, si dhe dyqane t\u00eb shumta. Kjo lagje familjare ofron nj\u00eb cil\u00ebsi jetese t\u00eb vler\u00ebsuar nga banor\u00ebt.<\/p><h3>Sh\u00ebn Lucien<\/h3><p>I lindur n\u00eb vitet 1960, distrikti Saint-Lucien ka shumic\u00ebn e banesave kolektive. \u00cbsht\u00eb sht\u00ebpia e Plan d&#039;Eau du Canada, e njohur p\u00ebr relaksim dhe rekreacion. Ky rreth ofron edhe ambiente sportive, shkolla dhe dyqane.<\/p><h3>Marissel<\/h3><p>Nj\u00eb ish-fshat bujq\u00ebsor i aneksuar n\u00eb Beauvais n\u00eb 1943, Marissel sot kombinon pavionet e vogla me tulla dhe banesat kolektive. Lagjja ruan hijeshin\u00eb e saj t\u00eb vjet\u00ebr nd\u00ebrsa ofron dyqane dhe sh\u00ebrbime moderne.<\/p><h3>Vendndodhja fqinje<\/h3><p>Aneksuar n\u00eb 1943, Voisinlieu ruan nj\u00eb atmosfer\u00eb fshati me dyqane, shkolla dhe objekte publike. Ambienti i tij rezidencial t\u00ebrheq familjet q\u00eb k\u00ebrkojn\u00eb nj\u00eb mjedis t\u00eb qet\u00eb dhe miq\u00ebsor.<\/p><h3>Argjentina<\/h3><p>Lagjja Argjentinase, e vendosur n\u00eb pllaj\u00ebn veriore, p\u00ebrzien banesat kolektive dhe periferike. Ky lagje e dendur n\u00eb zgjerim t\u00eb plot\u00eb industrial ofron nj\u00eb jet\u00eb dinamike me dyqane, shkolla dhe infrastruktura kulturore. Nd\u00ebrtesat e tij mbres\u00ebl\u00ebn\u00ebse jan\u00eb t\u00eb dukshme nga i gjith\u00eb qyteti.<\/p><h3>Zoja e Thilit<\/h3><p>N\u00eb veri-per\u00ebndim t\u00eb Beauvais, Notre-Dame du Thil kombinon zonat periferike dhe kolektive t\u00eb banimit. I lidhur leht\u00ebsisht me qendr\u00ebn e qytetit me an\u00eb t\u00eb arterieve kryesore, ky qark ruan karakterin e tij t\u00eb fshatit duke u zhvilluar.<\/p><h3>Saint-Just des Marais<\/h3><p>Nj\u00eb ish-komun\u00eb rurale, Saint-Just des Marais ruan nj\u00eb frym\u00eb fshati me banesa kryesisht individuale. Pran\u00eb pyllit Saint-Quentin, kjo lagje ofron nj\u00eb mjedis t\u00eb qet\u00eb me shkolla, dyqane dhe objekte sportive. \u00cbsht\u00eb e p\u00ebrkryer p\u00ebr ata q\u00eb k\u00ebrkojn\u00eb nj\u00eb mjedis t\u00eb qet\u00eb dhe natyror.<\/p>\t\t\t\t\t\t\t\t<\/div>\n\t\t\t\t<\/div>\n\t\t\t\t\t<\/div>\n\t\t<\/div>\n\t\t\t\t<div class=\"elementor-column elementor-col-50 elementor-inner-column elementor-element elementor-element-3ca2e495\" data-id=\"3ca2e495\" data-element_type=\"column\" data-e-type=\"column\">\n\t\t\t<div class=\"elementor-widget-wrap elementor-element-populated\">\n\t\t\t\t\t\t<div class=\"elementor-element elementor-element-45d050f8 elementor-widget elementor-widget-image\" data-id=\"45d050f8\" data-element_type=\"widget\" data-e-type=\"widget\" data-widget_type=\"image.default\">\n\t\t\t\t<div class=\"elementor-widget-container\">\n\t\t\t\t\t\t\t\t\t\t\t\t\t\t\t<img fetchpriority=\"high\" decoding=\"async\" width=\"419\" height=\"390\" src=\"https:\/\/taxipro60.com\/wp-content\/uploads\/2024\/09\/quartiers-beauvais.jpeg\" class=\"attachment-large size-large wp-image-2490\" alt=\"Lagjet Beauvais\" srcset=\"https:\/\/taxipro60.com\/wp-content\/uploads\/2024\/09\/quartiers-beauvais.jpeg 419w, https:\/\/taxipro60.com\/wp-content\/uploads\/2024\/09\/quartiers-beauvais-300x279.jpeg 300w, https:\/\/taxipro60.com\/wp-content\/uploads\/2024\/09\/quartiers-beauvais-13x12.jpeg 13w, https:\/\/taxipro60.com\/wp-content\/uploads\/2024\/09\/quartiers-beauvais-370x344.jpeg 370w, https:\/\/taxipro60.com\/wp-content\/uploads\/2024\/09\/quartiers-beauvais-390x363.jpeg 390w\" sizes=\"(max-width: 419px) 100vw, 419px\" \/>\t\t\t\t\t\t\t\t\t\t\t\t\t\t\t<\/div>\n\t\t\t\t<\/div>\n\t\t\t\t<div class=\"elementor-element elementor-element-c5cf3ba elementor-widget elementor-widget-heading\" data-id=\"c5cf3ba\" data-element_type=\"widget\" data-e-type=\"widget\" data-widget_type=\"heading.default\">\n\t\t\t\t<div class=\"elementor-widget-container\">\n\t\t\t\t\t<h2 class=\"elementor-heading-title elementor-size-default\">Gjeni nj\u00eb taksi n\u00eb rrethet Beauvais:<\/h2>\t\t\t\t<\/div>\n\t\t\t\t<\/div>\n\t\t\t\t<div class=\"elementor-element elementor-element-01a12d2 elementor-widget elementor-widget-text-editor\" data-id=\"01a12d2\" data-element_type=\"widget\" data-e-type=\"widget\" data-widget_type=\"text-editor.default\">\n\t\t\t\t<div class=\"elementor-widget-container\">\n\t\t\t\t\t\t\t\t\t<p>TONA <a href=\"https:\/\/taxipro60.com\/sq\/\">qend\u00ebr taksi n\u00eb Beauvais<\/a> i sherben te gjitha lagjeve si dhe vendeve turistike.<\/p><p>K\u00ebtu jan\u00eb disa zona ku taksit\u00eb tona ju presin:<\/p><ul><li><a href=\"https:\/\/taxipro60.com\/sq\/lagjet-in-beauvais-2\/test-faqe-faqja-e-internetit-2\/\">Katedralja Saint-Pierre e Beauvais<\/a><\/li><li><a href=\"https:\/\/taxipro60.com\/sq\/lagjet-in-beauvais-2\/taksi-at-the-episkopal-palace-musee-de-loise\/\">Pallati Episkopal \/ Muzeu Oise<br \/><\/a><\/li><li><a href=\"https:\/\/taxipro60.com\/sq\/lagjet-in-beauvais-2\/taksi-historike-distrikti-of-beauvais\/\">Rrethi historik i Beauvais<br \/><\/a><\/li><li><a href=\"https:\/\/taxipro60.com\/sq\/lagjet-in-beauvais-2\/distrikti-argjentinas-beauvais\/\">Distrikti i Argjentin\u00ebs<br \/><\/a><\/li><li><a href=\"https:\/\/taxipro60.com\/sq\/lagjet-in-beauvais-2\/saint-just-des-marais\/\">Saint-Just des Marais<br \/><\/a><\/li><li><a href=\"https:\/\/taxipro60.com\/sq\/lagjet-in-beauvais-2\/distrikti-notre-dame-du-thil\/\">Zoja e Thilit<\/a><\/li><\/ul>\t\t\t\t\t\t\t\t<\/div>\n\t\t\t\t<\/div>\n\t\t\t\t<div class=\"elementor-element elementor-element-b1d2d1b elementor-tablet-align-center elementor-align-center elementor-mobile-align-justify elementor-widget__width-auto elementor-widget elementor-widget-button\" data-id=\"b1d2d1b\" data-element_type=\"widget\" data-e-type=\"widget\" data-settings=\"{&quot;_animation&quot;:&quot;none&quot;}\" data-widget_type=\"button.default\">\n\t\t\t\t<div class=\"elementor-widget-container\">\n\t\t\t\t\t\t\t\t\t<div class=\"elementor-button-wrapper\">\n\t\t\t\t\t<a class=\"elementor-button elementor-button-link elementor-size-sm\" href=\"https:\/\/taxipro60.com\/sq\/libri-a-taksi-beauvais\/\">\n\t\t\t\t\t\t<span class=\"elementor-button-content-wrapper\">\n\t\t\t\t\t\t\t\t\t<span class=\"elementor-button-text\">T\u00eb rezervosh<\/span>\n\t\t\t\t\t<\/span>\n\t\t\t\t\t<\/a>\n\t\t\t\t<\/div>\n\t\t\t\t\t\t\t\t<\/div>\n\t\t\t\t<\/div>\n\t\t\t\t\t<\/div>\n\t\t<\/div>\n\t\t\t\t\t<\/div>\n\t\t<\/section>\n\t\t\t\t\t<\/div>\n\t\t<\/div>\n\t\t\t\t\t<\/div>\n\t\t<\/section>\n\t\t\t\t<\/div>","protected":false},"excerpt":{"rendered":"<p>Lagjet e Beauvais Lagjet e Beauvais Lagjet e Qendr\u00ebs s\u00eb Qytetit t\u00eb Beauvais Qendra e qytetit t\u00eb Beauvais, e kufizuar nga ledhet e vjetra, p\u00ebrfaq\u00ebson zemr\u00ebn tregtare dhe administrative t\u00eb qytetit. Ajo bashkon shum\u00eb vende kulturore dhe pret ngjarje t\u00eb m\u00ebdha, t\u00eb tilla si Festivali Jeanne Hachette dhe P\u00ebrrallat e Krishtlindjeve. E rind\u00ebrtuar pas Luft\u00ebs s\u00eb Dyt\u00eb Bot\u00ebrore, [\u2026]<\/p>","protected":false},"author":1,"featured_media":0,"parent":0,"menu_order":0,"comment_status":"closed","ping_status":"closed","template":"","meta":{"footnotes":""},"class_list":["post-2361","page","type-page","status-publish","hentry"],"yoast_head":"<!-- This site is optimized with the Yoast SEO plugin v27.2 - https:\/\/yoast.com\/product\/yoast-seo-wordpress\/ -->\n<title>Quartiers \u00e0 Beauvais - Taxi Pro de l&#039;Oise<\/title>\n<meta name=\"description\" content=\"D\u00e9couvrez les diff\u00e9rents quartiers de Beauvais : Cath\u00e9drale Saint-Pierre, Palais \u00e9piscopal, Quartier historique, Quartier Argentine.\" \/>\n<meta name=\"robots\" content=\"index, follow, max-snippet:-1, max-image-preview:large, max-video-preview:-1\" \/>\n<link rel=\"canonical\" href=\"https:\/\/taxipro60.com\/sq\/lagjet-in-beauvais-2\/\" \/>\n<meta property=\"og:locale\" content=\"sq_AL\" \/>\n<meta property=\"og:type\" content=\"article\" \/>\n<meta property=\"og:title\" content=\"Quartiers \u00e0 Beauvais - Taxi Pro de l&#039;Oise\" \/>\n<meta property=\"og:description\" content=\"D\u00e9couvrez les diff\u00e9rents quartiers de Beauvais : Cath\u00e9drale Saint-Pierre, Palais \u00e9piscopal, Quartier historique, Quartier Argentine.\" \/>\n<meta property=\"og:url\" content=\"https:\/\/taxipro60.com\/sq\/lagjet-in-beauvais-2\/\" \/>\n<meta property=\"og:site_name\" content=\"Taxi Pro de l&#039;Oise\" \/>\n<meta property=\"article:publisher\" content=\"https:\/\/www.facebook.com\/taxipro60beauvais\/\" \/>\n<meta property=\"article:modified_time\" content=\"2025-08-28T08:22:53+00:00\" \/>\n<meta property=\"og:image\" content=\"https:\/\/taxipro60.com\/wp-content\/uploads\/2024\/09\/quartiers-beauvais.jpeg\" \/>\n\t<meta property=\"og:image:width\" content=\"419\" \/>\n\t<meta property=\"og:image:height\" content=\"390\" \/>\n\t<meta property=\"og:image:type\" content=\"image\/jpeg\" \/>\n<meta name=\"twitter:card\" content=\"summary_large_image\" \/>\n<meta name=\"twitter:label1\" content=\"Est. reading time\" \/>\n\t<meta name=\"twitter:data1\" content=\"3 minuta\" \/>\n<script type=\"application\/ld+json\" class=\"yoast-schema-graph\">{\"@context\":\"https:\/\/schema.org\",\"@graph\":[{\"@type\":\"WebPage\",\"@id\":\"https:\/\/taxipro60.com\/quartiers-a-beauvais\/\",\"url\":\"https:\/\/taxipro60.com\/quartiers-a-beauvais\/\",\"name\":\"Quartiers \u00e0 Beauvais - Taxi Pro de l&#039;Oise\",\"isPartOf\":{\"@id\":\"https:\/\/taxipro60.com\/#website\"},\"primaryImageOfPage\":{\"@id\":\"https:\/\/taxipro60.com\/quartiers-a-beauvais\/#primaryimage\"},\"image\":{\"@id\":\"https:\/\/taxipro60.com\/quartiers-a-beauvais\/#primaryimage\"},\"thumbnailUrl\":\"https:\/\/taxipro60.com\/wp-content\/uploads\/2024\/09\/quartiers-beauvais.jpeg\",\"datePublished\":\"2024-09-20T09:38:50+00:00\",\"dateModified\":\"2025-08-28T08:22:53+00:00\",\"description\":\"D\u00e9couvrez les diff\u00e9rents quartiers de Beauvais : Cath\u00e9drale Saint-Pierre, Palais \u00e9piscopal, Quartier historique, Quartier Argentine.\",\"breadcrumb\":{\"@id\":\"https:\/\/taxipro60.com\/quartiers-a-beauvais\/#breadcrumb\"},\"inLanguage\":\"sq\",\"potentialAction\":[{\"@type\":\"ReadAction\",\"target\":[\"https:\/\/taxipro60.com\/quartiers-a-beauvais\/\"]}]},{\"@type\":\"ImageObject\",\"inLanguage\":\"sq\",\"@id\":\"https:\/\/taxipro60.com\/quartiers-a-beauvais\/#primaryimage\",\"url\":\"https:\/\/taxipro60.com\/wp-content\/uploads\/2024\/09\/quartiers-beauvais.jpeg\",\"contentUrl\":\"https:\/\/taxipro60.com\/wp-content\/uploads\/2024\/09\/quartiers-beauvais.jpeg\"},{\"@type\":\"BreadcrumbList\",\"@id\":\"https:\/\/taxipro60.com\/quartiers-a-beauvais\/#breadcrumb\",\"itemListElement\":[{\"@type\":\"ListItem\",\"position\":1,\"name\":\"Taxi \u00e0 Beauvais\",\"item\":\"https:\/\/taxipro60.com\/\"},{\"@type\":\"ListItem\",\"position\":2,\"name\":\"Quartiers \u00e0 Beauvais\"}]},{\"@type\":\"WebSite\",\"@id\":\"https:\/\/taxipro60.com\/#website\",\"url\":\"https:\/\/taxipro60.com\/\",\"name\":\"Taxi Pro de l'Oise\",\"description\":\"Taxi \u00e0 Beauvais - Centrale Taxi A\u00e9roport de Beauvais\",\"publisher\":{\"@id\":\"https:\/\/taxipro60.com\/#organization\"},\"alternateName\":\"Taxi Pro 60\",\"potentialAction\":[{\"@type\":\"SearchAction\",\"target\":{\"@type\":\"EntryPoint\",\"urlTemplate\":\"https:\/\/taxipro60.com\/?s={search_term_string}\"},\"query-input\":{\"@type\":\"PropertyValueSpecification\",\"valueRequired\":true,\"valueName\":\"search_term_string\"}}],\"inLanguage\":\"sq\"},{\"@type\":\"Organization\",\"@id\":\"https:\/\/taxipro60.com\/#organization\",\"name\":\"Taxi Pro de l'Oise\",\"alternateName\":\"Taxi Pro 60\",\"url\":\"https:\/\/taxipro60.com\/\",\"logo\":{\"@type\":\"ImageObject\",\"inLanguage\":\"sq\",\"@id\":\"https:\/\/taxipro60.com\/#\/schema\/logo\/image\/\",\"url\":\"https:\/\/taxipro60.com\/wp-content\/uploads\/2025\/10\/taxi-beauvais-taxi-pro-de-l-oise.png\",\"contentUrl\":\"https:\/\/taxipro60.com\/wp-content\/uploads\/2025\/10\/taxi-beauvais-taxi-pro-de-l-oise.png\",\"width\":700,\"height\":700,\"caption\":\"Taxi Pro de l'Oise\"},\"image\":{\"@id\":\"https:\/\/taxipro60.com\/#\/schema\/logo\/image\/\"},\"sameAs\":[\"https:\/\/www.facebook.com\/taxipro60beauvais\/\",\"https:\/\/g.co\/kgs\/aR1zJxv\"]}]}<\/script>\n<!-- \/ Yoast SEO plugin. -->","yoast_head_json":{"title":"Lagjet n\u00eb Beauvais - Taxi Pro of Oise","description":"Zbuloni rrethet e ndryshme t\u00eb Beauvais: Katedralja Saint-Pierre, Pallati Episkopal, Distrikti Historik, Lagjja Argjentinase.","robots":{"index":"index","follow":"follow","max-snippet":"max-snippet:-1","max-image-preview":"max-image-preview:large","max-video-preview":"max-video-preview:-1"},"canonical":"https:\/\/taxipro60.com\/sq\/lagjet-in-beauvais-2\/","og_locale":"sq_AL","og_type":"article","og_title":"Quartiers \u00e0 Beauvais - Taxi Pro de l&#039;Oise","og_description":"D\u00e9couvrez les diff\u00e9rents quartiers de Beauvais : Cath\u00e9drale Saint-Pierre, Palais \u00e9piscopal, Quartier historique, Quartier Argentine.","og_url":"https:\/\/taxipro60.com\/sq\/lagjet-in-beauvais-2\/","og_site_name":"Taxi Pro de l&#039;Oise","article_publisher":"https:\/\/www.facebook.com\/taxipro60beauvais\/","article_modified_time":"2025-08-28T08:22:53+00:00","og_image":[{"width":419,"height":390,"url":"https:\/\/taxipro60.com\/wp-content\/uploads\/2024\/09\/quartiers-beauvais.jpeg","type":"image\/jpeg"}],"twitter_card":"summary_large_image","twitter_misc":{"Est. reading time":"3 minuta"},"schema":{"@context":"https:\/\/schema.org","@graph":[{"@type":"WebPage","@id":"https:\/\/taxipro60.com\/quartiers-a-beauvais\/","url":"https:\/\/taxipro60.com\/quartiers-a-beauvais\/","name":"Lagjet n\u00eb Beauvais - Taxi Pro of Oise","isPartOf":{"@id":"https:\/\/taxipro60.com\/#website"},"primaryImageOfPage":{"@id":"https:\/\/taxipro60.com\/quartiers-a-beauvais\/#primaryimage"},"image":{"@id":"https:\/\/taxipro60.com\/quartiers-a-beauvais\/#primaryimage"},"thumbnailUrl":"https:\/\/taxipro60.com\/wp-content\/uploads\/2024\/09\/quartiers-beauvais.jpeg","datePublished":"2024-09-20T09:38:50+00:00","dateModified":"2025-08-28T08:22:53+00:00","description":"Zbuloni rrethet e ndryshme t\u00eb Beauvais: Katedralja Saint-Pierre, Pallati Episkopal, Distrikti Historik, Lagjja Argjentinase.","breadcrumb":{"@id":"https:\/\/taxipro60.com\/quartiers-a-beauvais\/#breadcrumb"},"inLanguage":"sq","potentialAction":[{"@type":"ReadAction","target":["https:\/\/taxipro60.com\/quartiers-a-beauvais\/"]}]},{"@type":"ImageObject","inLanguage":"sq","@id":"https:\/\/taxipro60.com\/quartiers-a-beauvais\/#primaryimage","url":"https:\/\/taxipro60.com\/wp-content\/uploads\/2024\/09\/quartiers-beauvais.jpeg","contentUrl":"https:\/\/taxipro60.com\/wp-content\/uploads\/2024\/09\/quartiers-beauvais.jpeg"},{"@type":"BreadcrumbList","@id":"https:\/\/taxipro60.com\/quartiers-a-beauvais\/#breadcrumb","itemListElement":[{"@type":"ListItem","position":1,"name":"Taxi \u00e0 Beauvais","item":"https:\/\/taxipro60.com\/"},{"@type":"ListItem","position":2,"name":"Quartiers \u00e0 Beauvais"}]},{"@type":"WebSite","@id":"https:\/\/taxipro60.com\/#website","url":"https:\/\/taxipro60.com\/","name":"Taxi Pro de l'Oise","description":"Taksi n\u00eb Beauvais - Taxi Center Beauvais Airport","publisher":{"@id":"https:\/\/taxipro60.com\/#organization"},"alternateName":"Taxi Pro 60","potentialAction":[{"@type":"SearchAction","target":{"@type":"EntryPoint","urlTemplate":"https:\/\/taxipro60.com\/?s={search_term_string}"},"query-input":{"@type":"PropertyValueSpecification","valueRequired":true,"valueName":"search_term_string"}}],"inLanguage":"sq"},{"@type":"Organization","@id":"https:\/\/taxipro60.com\/#organization","name":"Taxi Pro de l'Oise","alternateName":"Taxi Pro 60","url":"https:\/\/taxipro60.com\/","logo":{"@type":"ImageObject","inLanguage":"sq","@id":"https:\/\/taxipro60.com\/#\/schema\/logo\/image\/","url":"https:\/\/taxipro60.com\/wp-content\/uploads\/2025\/10\/taxi-beauvais-taxi-pro-de-l-oise.png","contentUrl":"https:\/\/taxipro60.com\/wp-content\/uploads\/2025\/10\/taxi-beauvais-taxi-pro-de-l-oise.png","width":700,"height":700,"caption":"Taxi Pro de l'Oise"},"image":{"@id":"https:\/\/taxipro60.com\/#\/schema\/logo\/image\/"},"sameAs":["https:\/\/www.facebook.com\/taxipro60beauvais\/","https:\/\/g.co\/kgs\/aR1zJxv"]}]}},"_links":{"self":[{"href":"https:\/\/taxipro60.com\/sq\/wp-json\/wp\/v2\/pages\/2361","targetHints":{"allow":["GET"]}}],"collection":[{"href":"https:\/\/taxipro60.com\/sq\/wp-json\/wp\/v2\/pages"}],"about":[{"href":"https:\/\/taxipro60.com\/sq\/wp-json\/wp\/v2\/types\/page"}],"author":[{"embeddable":true,"href":"https:\/\/taxipro60.com\/sq\/wp-json\/wp\/v2\/users\/1"}],"replies":[{"embeddable":true,"href":"https:\/\/taxipro60.com\/sq\/wp-json\/wp\/v2\/comments?post=2361"}],"version-history":[{"count":0,"href":"https:\/\/taxipro60.com\/sq\/wp-json\/wp\/v2\/pages\/2361\/revisions"}],"wp:attachment":[{"href":"https:\/\/taxipro60.com\/sq\/wp-json\/wp\/v2\/media?parent=2361"}],"curies":[{"name":"wp","href":"https:\/\/api.w.org\/{rel}","templated":true}]}}