{"id":2097,"date":"2024-06-07T09:33:35","date_gmt":"2024-06-07T07:33:35","guid":{"rendered":"https:\/\/taxipro60.com\/?page_id=2097"},"modified":"2024-06-07T09:40:42","modified_gmt":"2024-06-07T07:40:42","slug":"plan-du-site","status":"publish","type":"page","link":"https:\/\/taxipro60.com\/en\/sitemap\/","title":{"rendered":"Sitemap"},"content":{"rendered":"<div data-elementor-type=\"wp-page\" data-elementor-id=\"2097\" class=\"elementor elementor-2097\" data-elementor-post-type=\"page\">\n\t\t\t\t\t\t<section class=\"elementor-section elementor-top-section elementor-element elementor-element-b0b92c7 elementor-section-content-middle elementor-section-height-min-height elementor-section-boxed elementor-section-height-default elementor-section-items-middle\" data-id=\"b0b92c7\" data-element_type=\"section\" data-e-type=\"section\" data-settings=\"{&quot;background_background&quot;:&quot;classic&quot;,&quot;shape_divider_bottom&quot;:&quot;opacity-tilt&quot;}\">\n\t\t\t\t\t\t\t<div class=\"elementor-background-overlay\"><\/div>\n\t\t\t\t\t\t<div class=\"elementor-shape elementor-shape-bottom\" aria-hidden=\"true\" data-negative=\"false\">\n\t\t\t<svg xmlns=\"http:\/\/www.w3.org\/2000\/svg\" viewbox=\"0 0 2600 131.1\" preserveaspectratio=\"none\">\n\t<path class=\"elementor-shape-fill\" d=\"M0 0L2600 0 2600 69.1 0 0z\"\/>\n\t<path class=\"elementor-shape-fill\" style=\"opacity:0.5\" d=\"M0 0L2600 0 2600 69.1 0 69.1z\"\/>\n\t<path class=\"elementor-shape-fill\" style=\"opacity:0.25\" d=\"M2600 0L0 0 0 130.1 2600 69.1z\"\/>\n<\/svg>\t\t<\/div>\n\t\t\t\t\t<div class=\"elementor-container elementor-column-gap-no\">\n\t\t\t\t\t<div class=\"elementor-column elementor-col-100 elementor-top-column elementor-element elementor-element-7a6f9e3\" data-id=\"7a6f9e3\" data-element_type=\"column\" data-e-type=\"column\">\n\t\t\t<div class=\"elementor-widget-wrap elementor-element-populated\">\n\t\t\t\t\t\t<div class=\"elementor-element elementor-element-9829bef elementor-align-center elementor-mobile-align-left elementor-widget elementor-widget-breadcrumbs\" data-id=\"9829bef\" data-element_type=\"widget\" data-e-type=\"widget\" data-widget_type=\"breadcrumbs.default\">\n\t\t\t\t<div class=\"elementor-widget-container\">\n\t\t\t\t\t<p id=\"breadcrumbs\"><span><span><a href=\"https:\/\/taxipro60.com\/en\/\">Taxi in Beauvais<\/a><\/span><\/span><\/p>\t\t\t\t<\/div>\n\t\t\t\t<\/div>\n\t\t\t\t<div class=\"elementor-element elementor-element-0bb6e16 animated-slow elementor-invisible elementor-widget elementor-widget-heading\" data-id=\"0bb6e16\" data-element_type=\"widget\" data-e-type=\"widget\" data-settings=\"{&quot;_animation&quot;:&quot;fadeIn&quot;}\" data-widget_type=\"heading.default\">\n\t\t\t\t<div class=\"elementor-widget-container\">\n\t\t\t\t\t<h1 class=\"elementor-heading-title elementor-size-default\">Taxi Pro de l'Oise site map: Taxi company in Beauvais<\/h1>\t\t\t\t<\/div>\n\t\t\t\t<\/div>\n\t\t\t\t\t<\/div>\n\t\t<\/div>\n\t\t\t\t\t<\/div>\n\t\t<\/section>\n\t\t\t\t<section class=\"elementor-section elementor-top-section elementor-element elementor-element-dadb0f1 elementor-section-boxed elementor-section-height-default elementor-section-height-default\" data-id=\"dadb0f1\" data-element_type=\"section\" data-e-type=\"section\">\n\t\t\t\t\t\t<div class=\"elementor-container elementor-column-gap-default\">\n\t\t\t\t\t<div class=\"elementor-column elementor-col-100 elementor-top-column elementor-element elementor-element-bf15984\" data-id=\"bf15984\" data-element_type=\"column\" data-e-type=\"column\">\n\t\t\t<div class=\"elementor-widget-wrap elementor-element-populated\">\n\t\t\t\t\t\t<div class=\"elementor-element elementor-element-9820e40 elementor-widget elementor-widget-sitemap\" data-id=\"9820e40\" data-element_type=\"widget\" data-e-type=\"widget\" data-widget_type=\"sitemap.default\">\n\t\t\t\t<div class=\"elementor-widget-container\">\n\t\t\t\t\t<div class=\"elementor-sitemap-wrap\"><div class=\"elementor-sitemap-section\"><h2 class=\"elementor-sitemap-title elementor-sitemap-page-title\">Pages<\/h2><ul class=\"elementor-sitemap-list elementor-sitemap-page-list\"><li class=\"elementor-sitemap-item elementor-sitemap-item-page page_item page-item-8\"><a href=\"https:\/\/taxipro60.com\/en\/\">Welcome<\/a><\/li><li class=\"elementor-sitemap-item elementor-sitemap-item-page page_item page-item-15\"><a href=\"https:\/\/taxipro60.com\/en\/legal-notice\/\">Legal Notice<\/a><\/li><li class=\"elementor-sitemap-item elementor-sitemap-item-page page_item page-item-18\"><a href=\"https:\/\/taxipro60.com\/en\/transport-medical-beauvais\/\">Medical<\/a><\/li><li class=\"elementor-sitemap-item elementor-sitemap-item-page page_item page-item-20\"><a href=\"https:\/\/taxipro60.com\/en\/taxi-airport-paris-beauvais\/\">Airport<\/a><\/li><li class=\"elementor-sitemap-item elementor-sitemap-item-page page_item page-item-22\"><a href=\"https:\/\/taxipro60.com\/en\/taxi-disneyland-paris\/\">Disneyland<\/a><\/li><li class=\"elementor-sitemap-item elementor-sitemap-item-page page_item page-item-24\"><a href=\"https:\/\/taxipro60.com\/en\/book-a-taxi-beauvais\/\">Reservation<\/a><\/li><li class=\"elementor-sitemap-item elementor-sitemap-item-page page_item page-item-706\"><a href=\"https:\/\/taxipro60.com\/en\/taxi-stations-of-paris-and-beauvais-2\/\">Taxi Paris and Beauvais stations<\/a><\/li><li class=\"elementor-sitemap-item elementor-sitemap-item-page page_item page-item-1684\"><a href=\"https:\/\/taxipro60.com\/en\/contact\/\">Contact<\/a><\/li><li class=\"elementor-sitemap-item elementor-sitemap-item-page page_item page-item-2097\"><a href=\"https:\/\/taxipro60.com\/en\/sitemap\/\">Sitemap<\/a><\/li><li class=\"elementor-sitemap-item elementor-sitemap-item-page page_item page-item-2184\"><a href=\"https:\/\/taxipro60.com\/en\/taxi-beauvais-roissy-charles-de-gaulle-cdg\/\">Taxi Beauvais Charles de Gaulle (CDG)<\/a><\/li><li class=\"elementor-sitemap-item elementor-sitemap-item-page page_item page-item-2361\"><a href=\"https:\/\/taxipro60.com\/en\/neighborhoods-in-beauvais\/\">Neighborhoods in Beauvais<\/a><\/li><li class=\"elementor-sitemap-item elementor-sitemap-item-page page_item page-item-2363\"><a href=\"https:\/\/taxipro60.com\/en\/neighborhoods-in-beauvais\/test-page-website\/\">Taxi to Saint-Pierre Cathedral in Beauvais<\/a><\/li><li class=\"elementor-sitemap-item elementor-sitemap-item-page page_item page-item-2416\"><a href=\"https:\/\/taxipro60.com\/en\/neighborhoods-in-beauvais\/taxi-to-the-episcopal-palace-museum-of-loise\/\">Taxi Museum of Oise (MUDO) \u2013 Episcopal Palace<\/a><\/li><li class=\"elementor-sitemap-item elementor-sitemap-item-page page_item page-item-2436\"><a href=\"https:\/\/taxipro60.com\/en\/neighborhoods-in-beauvais\/taxi-historical-district-of-beauvais\/\">Taxi Historic district of Beauvais<\/a><\/li><li class=\"elementor-sitemap-item elementor-sitemap-item-page page_item page-item-2449\"><a href=\"https:\/\/taxipro60.com\/en\/neighborhoods-in-beauvais\/saint-just-des-marais\/\">Taxi in Saint-Just des Marais, district of Beauvais<\/a><\/li><li class=\"elementor-sitemap-item elementor-sitemap-item-page page_item page-item-2462\"><a href=\"https:\/\/taxipro60.com\/en\/neighborhoods-in-beauvais\/argentine-district-beauvais-2\/\">Taxi to the Argentine Quarter (Beauvais)<\/a><\/li><li class=\"elementor-sitemap-item elementor-sitemap-item-page page_item page-item-2478\"><a href=\"https:\/\/taxipro60.com\/en\/neighborhoods-in-beauvais\/notre-dame-du-thil-district\/\">Taxi Notre-Dame du Thil district<\/a><\/li><li class=\"elementor-sitemap-item elementor-sitemap-item-page page_item page-item-2587\"><a href=\"https:\/\/taxipro60.com\/en\/faq\/\">FAQ<\/a><\/li><li class=\"elementor-sitemap-item elementor-sitemap-item-page page_item page-item-2770\"><a href=\"https:\/\/taxipro60.com\/en\/transfer-hotel-beauvais-airport\/\">Beauvais hotel transfer \u2013 Airport<\/a><\/li><li class=\"elementor-sitemap-item elementor-sitemap-item-page page_item page-item-3125\"><a href=\"https:\/\/taxipro60.com\/en\/reservation-v2-2\/\">Reservation v2<\/a><\/li><\/ul><\/div><div class=\"elementor-sitemap-section\"><h2 class=\"elementor-sitemap-title elementor-sitemap-post-title\">Our items<\/h2><ul class=\"elementor-sitemap-list elementor-sitemap-post-list\"><li class=\"elementor-sitemap-item elementor-sitemap-item-post page_item page-item-2908\"><a href=\"https:\/\/taxipro60.com\/en\/how-to-book-taxi-airport-beauvais\/\">How to book a taxi at Beauvais Airport?<\/a><\/li><li class=\"elementor-sitemap-item elementor-sitemap-item-post page_item page-item-2903\"><a href=\"https:\/\/taxipro60.com\/en\/vtc-or-taxi-in-beauvais-how-to-choose\/\">VTC or taxi in Beauvais: How to choose?<\/a><\/li><li class=\"elementor-sitemap-item elementor-sitemap-item-post page_item page-item-2897\"><a href=\"https:\/\/taxipro60.com\/en\/what-is-the-fare-of-a-taxi-to-beauvais-airport\/\">How much does a taxi cost to Beauvais Airport?<\/a><\/li><li class=\"elementor-sitemap-item elementor-sitemap-item-post page_item page-item-2699\"><a href=\"https:\/\/taxipro60.com\/en\/book-a-taxi-in-paris-tips-and-tricks\/\">Booking a taxi in Paris: Tips and tricks<\/a><\/li><li class=\"elementor-sitemap-item elementor-sitemap-item-post page_item page-item-2675\"><a href=\"https:\/\/taxipro60.com\/en\/transport-between-paris-and-beauvais-airport-complete-guide\/\">Transport between Paris and Beauvais Airport: Complete guide<\/a><\/li><li class=\"elementor-sitemap-item elementor-sitemap-item-post page_item page-item-2646\"><a href=\"https:\/\/taxipro60.com\/en\/how-to-go-from-beauvais-station-to-the-airport\/\">How to get from Beauvais train station to the airport?<\/a><\/li><li class=\"elementor-sitemap-item elementor-sitemap-item-post page_item page-item-2637\"><a href=\"https:\/\/taxipro60.com\/en\/get-to-amiens-from-beauvais-airport\/\">How to get to Amiens from Beauvais Airport?<\/a><\/li><li class=\"elementor-sitemap-item elementor-sitemap-item-post page_item page-item-2624\"><a href=\"https:\/\/taxipro60.com\/en\/how-to-book-a-taxi-in-beauvais\/\">How to book a taxi in Beauvais?<\/a><\/li><li class=\"elementor-sitemap-item elementor-sitemap-item-post page_item page-item-2560\"><a href=\"https:\/\/taxipro60.com\/en\/shuttle-airport-beauvais-amiens\/\">Beauvais Amiens Airport Shuttle<\/a><\/li><li class=\"elementor-sitemap-item elementor-sitemap-item-post page_item page-item-2251\"><a href=\"https:\/\/taxipro60.com\/en\/choose-between-vtc-or-taxi-at-beauvais-airport\/\">Choosing between VTC and taxi at Beauvais Airport<\/a><\/li><li class=\"elementor-sitemap-item elementor-sitemap-item-post page_item page-item-2065\"><a href=\"https:\/\/taxipro60.com\/en\/price-of-a-taxi-in-beauvais\/\">Price of a taxi in Beauvais and Beauvais-Till\u00e9 Airport<\/a><\/li><li class=\"elementor-sitemap-item elementor-sitemap-item-post page_item page-item-2052\"><a href=\"https:\/\/taxipro60.com\/en\/night-taxi-beauvais\/\">Order a night taxi in Beauvais<\/a><\/li><li class=\"elementor-sitemap-item elementor-sitemap-item-post page_item page-item-1827\"><a href=\"https:\/\/taxipro60.com\/en\/taxi-paris-beauvais\/\">How to reach Beauvais from Paris?<\/a><\/li><li class=\"elementor-sitemap-item elementor-sitemap-item-post page_item page-item-1823\"><a href=\"https:\/\/taxipro60.com\/en\/taxi-porte-maillot-beauvais\/\">Taxi Porte Maillot Beauvais<\/a><\/li><li class=\"elementor-sitemap-item elementor-sitemap-item-post page_item page-item-1821\"><a href=\"https:\/\/taxipro60.com\/en\/taxi-orly-beauvais\/\">Taxi Orly Beauvais<\/a><\/li><li class=\"elementor-sitemap-item elementor-sitemap-item-post page_item page-item-1808\"><a href=\"https:\/\/taxipro60.com\/en\/what-is-the-price-of-a-taxi-beauvais-airport\/\">How much does a taxi cost at Beauvais Airport?<\/a><\/li><\/ul><\/div><\/div>\t\t\t\t<\/div>\n\t\t\t\t<\/div>\n\t\t\t\t\t<\/div>\n\t\t<\/div>\n\t\t\t\t\t<\/div>\n\t\t<\/section>\n\t\t\t\t<section class=\"elementor-section elementor-top-section elementor-element elementor-element-e4f0096 elementor-reverse-mobile colorcontact elementor-section-boxed elementor-section-height-default elementor-section-height-default\" data-id=\"e4f0096\" data-element_type=\"section\" data-e-type=\"section\" data-settings=\"{&quot;background_background&quot;:&quot;classic&quot;}\">\n\t\t\t\t\t\t<div class=\"elementor-container elementor-column-gap-no\">\n\t\t\t\t\t<div class=\"elementor-column elementor-col-100 elementor-top-column elementor-element elementor-element-ab9bafd colorcontact\" data-id=\"ab9bafd\" data-element_type=\"column\" data-e-type=\"column\">\n\t\t\t<div class=\"elementor-widget-wrap elementor-element-populated\">\n\t\t\t\t\t\t<div class=\"elementor-element elementor-element-220d2b5 elementor-widget elementor-widget-heading\" data-id=\"220d2b5\" data-element_type=\"widget\" data-e-type=\"widget\" data-widget_type=\"heading.default\">\n\t\t\t\t<div class=\"elementor-widget-container\">\n\t\t\t\t\t<h2 class=\"elementor-heading-title elementor-size-default\">Taxi central in Beauvais, Oise and \u00cele-de-France<\/h2>\t\t\t\t<\/div>\n\t\t\t\t<\/div>\n\t\t\t\t<div class=\"elementor-element elementor-element-dc7f5ff elementor-widget elementor-widget-text-editor\" data-id=\"dc7f5ff\" data-element_type=\"widget\" data-e-type=\"widget\" data-widget_type=\"text-editor.default\">\n\t\t\t\t<div class=\"elementor-widget-container\">\n\t\t\t\t\t\t\t\t\t<p>Taxi Pro de l&#039;Oise is a transportation company based in Beauvais, Oise. We provide transportation for individuals and businesses in our comfortable vehicles, 24\/7. To book a taxi in the \u00cele-de-France region, contact us or book a taxi in Beauvais online using our booking platform.<\/p>\t\t\t\t\t\t\t\t<\/div>\n\t\t\t\t<\/div>\n\t\t\t\t\t<\/div>\n\t\t<\/div>\n\t\t\t\t\t<\/div>\n\t\t<\/section>\n\t\t\t\t<\/div>","protected":false},"excerpt":{"rendered":"<p>Taxi Pro de l&#039;Oise Site Map: Taxi Company in Beauvais Taxi center in Beauvais, Oise and \u00cele-de-France Taxi Pro de l&#039;Oise is a transport company based in Beauvais, Oise. We provide transportation for individuals and professionals in our comfortable vehicles, 24\/7. [\u2026]<\/p>","protected":false},"author":1,"featured_media":0,"parent":0,"menu_order":0,"comment_status":"closed","ping_status":"closed","template":"","meta":{"footnotes":""},"class_list":["post-2097","page","type-page","status-publish","hentry"],"yoast_head":"<!-- This site is optimized with the Yoast SEO plugin v27.2 - https:\/\/yoast.com\/product\/yoast-seo-wordpress\/ -->\n<title>Plan du site - Taxi Pro de l&#039;Oise \u00e0 Beauvais<\/title>\n<meta name=\"description\" content=\"Plan du site de Taxi Pro de l&#039;Oise, compagnie de taxi \u00e0 Beauvais, conventionn\u00e9 m\u00e9dical et transferts a\u00e9roport, gare en Ile-de-France.\" \/>\n<meta name=\"robots\" content=\"index, follow, max-snippet:-1, max-image-preview:large, max-video-preview:-1\" \/>\n<link rel=\"canonical\" href=\"https:\/\/taxipro60.com\/en\/sitemap\/\" \/>\n<meta property=\"og:locale\" content=\"en_US\" \/>\n<meta property=\"og:type\" content=\"article\" \/>\n<meta property=\"og:title\" content=\"Plan du site - Taxi Pro de l&#039;Oise \u00e0 Beauvais\" \/>\n<meta property=\"og:description\" content=\"Plan du site de Taxi Pro de l&#039;Oise, compagnie de taxi \u00e0 Beauvais, conventionn\u00e9 m\u00e9dical et transferts a\u00e9roport, gare en Ile-de-France.\" \/>\n<meta property=\"og:url\" content=\"https:\/\/taxipro60.com\/en\/sitemap\/\" \/>\n<meta property=\"og:site_name\" content=\"Taxi Pro de l&#039;Oise\" \/>\n<meta property=\"article:publisher\" content=\"https:\/\/www.facebook.com\/taxipro60beauvais\/\" \/>\n<meta property=\"article:modified_time\" content=\"2024-06-07T07:40:42+00:00\" \/>\n<meta property=\"og:image\" content=\"https:\/\/taxipro60.com\/wp-content\/uploads\/2022\/11\/2022-11-03-11-08-57-530-e1667491939647.jpg\" \/>\n\t<meta property=\"og:image:width\" content=\"1080\" \/>\n\t<meta property=\"og:image:height\" content=\"720\" \/>\n\t<meta property=\"og:image:type\" content=\"image\/jpeg\" \/>\n<meta name=\"twitter:card\" content=\"summary_large_image\" \/>\n<meta name=\"twitter:label1\" content=\"Est. reading time\" \/>\n\t<meta name=\"twitter:data1\" content=\"1 minute\" \/>\n<script type=\"application\/ld+json\" class=\"yoast-schema-graph\">{\"@context\":\"https:\/\/schema.org\",\"@graph\":[{\"@type\":\"WebPage\",\"@id\":\"https:\/\/taxipro60.com\/plan-du-site\/\",\"url\":\"https:\/\/taxipro60.com\/plan-du-site\/\",\"name\":\"Plan du site - Taxi Pro de l&#039;Oise \u00e0 Beauvais\",\"isPartOf\":{\"@id\":\"https:\/\/taxipro60.com\/#website\"},\"datePublished\":\"2024-06-07T07:33:35+00:00\",\"dateModified\":\"2024-06-07T07:40:42+00:00\",\"description\":\"Plan du site de Taxi Pro de l'Oise, compagnie de taxi \u00e0 Beauvais, conventionn\u00e9 m\u00e9dical et transferts a\u00e9roport, gare en Ile-de-France.\",\"breadcrumb\":{\"@id\":\"https:\/\/taxipro60.com\/plan-du-site\/#breadcrumb\"},\"inLanguage\":\"en-US\",\"potentialAction\":[{\"@type\":\"ReadAction\",\"target\":[\"https:\/\/taxipro60.com\/plan-du-site\/\"]}]},{\"@type\":\"BreadcrumbList\",\"@id\":\"https:\/\/taxipro60.com\/plan-du-site\/#breadcrumb\",\"itemListElement\":[{\"@type\":\"ListItem\",\"position\":1,\"name\":\"Taxi \u00e0 Beauvais\",\"item\":\"https:\/\/taxipro60.com\/\"},{\"@type\":\"ListItem\",\"position\":2,\"name\":\"Plan du site\"}]},{\"@type\":\"WebSite\",\"@id\":\"https:\/\/taxipro60.com\/#website\",\"url\":\"https:\/\/taxipro60.com\/\",\"name\":\"Taxi Pro de l'Oise\",\"description\":\"Taxi \u00e0 Beauvais - Centrale Taxi A\u00e9roport de Beauvais\",\"publisher\":{\"@id\":\"https:\/\/taxipro60.com\/#organization\"},\"alternateName\":\"Taxi Pro 60\",\"potentialAction\":[{\"@type\":\"SearchAction\",\"target\":{\"@type\":\"EntryPoint\",\"urlTemplate\":\"https:\/\/taxipro60.com\/?s={search_term_string}\"},\"query-input\":{\"@type\":\"PropertyValueSpecification\",\"valueRequired\":true,\"valueName\":\"search_term_string\"}}],\"inLanguage\":\"en-US\"},{\"@type\":\"Organization\",\"@id\":\"https:\/\/taxipro60.com\/#organization\",\"name\":\"Taxi Pro de l'Oise\",\"alternateName\":\"Taxi Pro 60\",\"url\":\"https:\/\/taxipro60.com\/\",\"logo\":{\"@type\":\"ImageObject\",\"inLanguage\":\"en-US\",\"@id\":\"https:\/\/taxipro60.com\/#\/schema\/logo\/image\/\",\"url\":\"https:\/\/taxipro60.com\/wp-content\/uploads\/2025\/10\/taxi-beauvais-taxi-pro-de-l-oise.png\",\"contentUrl\":\"https:\/\/taxipro60.com\/wp-content\/uploads\/2025\/10\/taxi-beauvais-taxi-pro-de-l-oise.png\",\"width\":700,\"height\":700,\"caption\":\"Taxi Pro de l'Oise\"},\"image\":{\"@id\":\"https:\/\/taxipro60.com\/#\/schema\/logo\/image\/\"},\"sameAs\":[\"https:\/\/www.facebook.com\/taxipro60beauvais\/\",\"https:\/\/g.co\/kgs\/aR1zJxv\"]}]}<\/script>\n<!-- \/ Yoast SEO plugin. -->","yoast_head_json":{"title":"Site Map - Taxi Pro from Oise to Beauvais","description":"Site map of Taxi Pro de l'Oise, taxi company in Beauvais, medical agreement and airport transfers, train station in Ile-de-France.","robots":{"index":"index","follow":"follow","max-snippet":"max-snippet:-1","max-image-preview":"max-image-preview:large","max-video-preview":"max-video-preview:-1"},"canonical":"https:\/\/taxipro60.com\/en\/sitemap\/","og_locale":"en_US","og_type":"article","og_title":"Plan du site - Taxi Pro de l&#039;Oise \u00e0 Beauvais","og_description":"Plan du site de Taxi Pro de l'Oise, compagnie de taxi \u00e0 Beauvais, conventionn\u00e9 m\u00e9dical et transferts a\u00e9roport, gare en Ile-de-France.","og_url":"https:\/\/taxipro60.com\/en\/sitemap\/","og_site_name":"Taxi Pro de l&#039;Oise","article_publisher":"https:\/\/www.facebook.com\/taxipro60beauvais\/","article_modified_time":"2024-06-07T07:40:42+00:00","og_image":[{"width":1080,"height":720,"url":"https:\/\/taxipro60.com\/wp-content\/uploads\/2022\/11\/2022-11-03-11-08-57-530-e1667491939647.jpg","type":"image\/jpeg"}],"twitter_card":"summary_large_image","twitter_misc":{"Est. reading time":"1 minute"},"schema":{"@context":"https:\/\/schema.org","@graph":[{"@type":"WebPage","@id":"https:\/\/taxipro60.com\/plan-du-site\/","url":"https:\/\/taxipro60.com\/plan-du-site\/","name":"Site Map - Taxi Pro from Oise to Beauvais","isPartOf":{"@id":"https:\/\/taxipro60.com\/#website"},"datePublished":"2024-06-07T07:33:35+00:00","dateModified":"2024-06-07T07:40:42+00:00","description":"Site map of Taxi Pro de l'Oise, taxi company in Beauvais, medical agreement and airport transfers, train station in Ile-de-France.","breadcrumb":{"@id":"https:\/\/taxipro60.com\/plan-du-site\/#breadcrumb"},"inLanguage":"en-US","potentialAction":[{"@type":"ReadAction","target":["https:\/\/taxipro60.com\/plan-du-site\/"]}]},{"@type":"BreadcrumbList","@id":"https:\/\/taxipro60.com\/plan-du-site\/#breadcrumb","itemListElement":[{"@type":"ListItem","position":1,"name":"Taxi \u00e0 Beauvais","item":"https:\/\/taxipro60.com\/"},{"@type":"ListItem","position":2,"name":"Plan du site"}]},{"@type":"WebSite","@id":"https:\/\/taxipro60.com\/#website","url":"https:\/\/taxipro60.com\/","name":"Taxi Pro de l'Oise","description":"Taxi in Beauvais - Taxi Center Beauvais Airport","publisher":{"@id":"https:\/\/taxipro60.com\/#organization"},"alternateName":"Taxi Pro 60","potentialAction":[{"@type":"SearchAction","target":{"@type":"EntryPoint","urlTemplate":"https:\/\/taxipro60.com\/?s={search_term_string}"},"query-input":{"@type":"PropertyValueSpecification","valueRequired":true,"valueName":"search_term_string"}}],"inLanguage":"en-US"},{"@type":"Organization","@id":"https:\/\/taxipro60.com\/#organization","name":"Taxi Pro de l'Oise","alternateName":"Taxi Pro 60","url":"https:\/\/taxipro60.com\/","logo":{"@type":"ImageObject","inLanguage":"en-US","@id":"https:\/\/taxipro60.com\/#\/schema\/logo\/image\/","url":"https:\/\/taxipro60.com\/wp-content\/uploads\/2025\/10\/taxi-beauvais-taxi-pro-de-l-oise.png","contentUrl":"https:\/\/taxipro60.com\/wp-content\/uploads\/2025\/10\/taxi-beauvais-taxi-pro-de-l-oise.png","width":700,"height":700,"caption":"Taxi Pro de l'Oise"},"image":{"@id":"https:\/\/taxipro60.com\/#\/schema\/logo\/image\/"},"sameAs":["https:\/\/www.facebook.com\/taxipro60beauvais\/","https:\/\/g.co\/kgs\/aR1zJxv"]}]}},"_links":{"self":[{"href":"https:\/\/taxipro60.com\/en\/wp-json\/wp\/v2\/pages\/2097","targetHints":{"allow":["GET"]}}],"collection":[{"href":"https:\/\/taxipro60.com\/en\/wp-json\/wp\/v2\/pages"}],"about":[{"href":"https:\/\/taxipro60.com\/en\/wp-json\/wp\/v2\/types\/page"}],"author":[{"embeddable":true,"href":"https:\/\/taxipro60.com\/en\/wp-json\/wp\/v2\/users\/1"}],"replies":[{"embeddable":true,"href":"https:\/\/taxipro60.com\/en\/wp-json\/wp\/v2\/comments?post=2097"}],"version-history":[{"count":0,"href":"https:\/\/taxipro60.com\/en\/wp-json\/wp\/v2\/pages\/2097\/revisions"}],"wp:attachment":[{"href":"https:\/\/taxipro60.com\/en\/wp-json\/wp\/v2\/media?parent=2097"}],"curies":[{"name":"wp","href":"https:\/\/api.w.org\/{rel}","templated":true}]}}